{"id":223,"date":"2023-03-12T21:08:48","date_gmt":"2023-03-12T20:08:48","guid":{"rendered":"http:\/\/asdrain.pl\/?post_type=product&#038;p=223"},"modified":"2025-03-19T20:37:27","modified_gmt":"2025-03-19T19:37:27","slug":"oczyszczalnia-sciekow-rotoset-8h-pozioma-kopia","status":"publish","type":"product","link":"https:\/\/asdrain.pl\/index.php\/produkt\/oczyszczalnia-sciekow-rotoset-8h-pozioma-kopia\/","title":{"rendered":"Oczyszczalnia \u015bciek\u00f3w RotoSet 8H pozioma"},"content":{"rendered":"<p>Biologiczna oczyszczalnia \u015bciek\u00f3w RotoSET przeznaczona jest do oczyszczania \u015bciek\u00f3w bytowych pochodz\u0105cych z gospodarstw domowych bez dost\u0119pu do sieci kanalizacyjnej.Bardzo wysok\u0105 skuteczno\u015b\u0107 oczyszczania przy niespotykanej w innych technologiach wygodzie u\u017cytkowania uzyskano dzi\u0119ki zastosowaniu innowacyjnej technologii obrotowych z\u0142\u00f3\u017c biologicznych.<\/p>\n<h2 id=\"headline-315-195\" class=\"ct-headline\">Informacje techniczne RotoSET<\/h2>\n<div id=\"_rich_text-316-195\" class=\"oxy-rich-text table--style1 table\">\n<table>\n<tbody>\n<tr>\n<td rowspan=\"2\"><\/td>\n<td>TYP<\/td>\n<td>Ilo\u015b\u0107 mieszka\u0144c\u00f3w<\/td>\n<td>Przep\u0142yw<\/td>\n<td>D\u0142ugo\u015b\u0107<\/td>\n<td>Szeroko\u015b\u0107<\/td>\n<td>Wysoko\u015b\u0107<\/td>\n<td>Zag\u0142\u0119bienie dop\u0142ywu<\/td>\n<td>Zag\u0142\u0119bienie odp\u0142ywu<\/td>\n<td>Moc motoreduktora<\/td>\n<\/tr>\n<tr>\n<td><\/td>\n<td>RLM<\/td>\n<td>\u33a5\/d<\/td>\n<td>cm<\/td>\n<td>cm<\/td>\n<td>cm<\/td>\n<td>cm<\/td>\n<td>cm<\/td>\n<td>W<\/td>\n<\/tr>\n<tr>\n<td>RotoSET 5H<\/td>\n<td>A<\/td>\n<td>5<\/td>\n<td>0,75<\/td>\n<td>270<\/td>\n<td>120<\/td>\n<td>170<\/td>\n<td>180\/200\/220<\/td>\n<td>60\/80\/100<\/td>\n<td>50<\/td>\n<\/tr>\n<tr>\n<td>RotoSET 8H<\/td>\n<td>A<\/td>\n<td>8<\/td>\n<td>1,20<\/td>\n<td>370<\/td>\n<td>120<\/td>\n<td>170<\/td>\n<td>180\/200\/220<\/td>\n<td>60\/80\/100<\/td>\n<td>50<\/td>\n<\/tr>\n<tr>\n<td>RotoSET 6<\/td>\n<td>B<\/td>\n<td>6<\/td>\n<td>1,20<\/td>\n<td>200<\/td>\n<td>200<\/td>\n<td>242<\/td>\n<td>215\/240\/275<\/td>\n<td>60\/85\/110<\/td>\n<td>50<\/td>\n<\/tr>\n<tr>\n<td>RotoSET 10<\/td>\n<td>B<\/td>\n<td>10<\/td>\n<td>2,00<\/td>\n<td>200<\/td>\n<td>200<\/td>\n<td>242<\/td>\n<td>215\/240\/275<\/td>\n<td>60\/85\/110<\/td>\n<td>50<\/td>\n<\/tr>\n<tr>\n<td>RotoSET 12<\/td>\n<td>B<\/td>\n<td>12<\/td>\n<td>2,40<\/td>\n<td>200<\/td>\n<td>200<\/td>\n<td>242<\/td>\n<td>215\/240\/275<\/td>\n<td>60\/85\/110<\/td>\n<td>50<\/td>\n<\/tr>\n<tr>\n<td>RotoSET 14P<\/td>\n<td>B<\/td>\n<td>14<\/td>\n<td>2,80<\/td>\n<td>200<\/td>\n<td>200<\/td>\n<td>242<\/td>\n<td>215\/240\/275<\/td>\n<td>60\/85\/110<\/td>\n<td>50<\/td>\n<\/tr>\n<\/tbody>\n<\/table>\n<p>&nbsp;<\/p>\n<\/div>\n","protected":false},"excerpt":{"rendered":"<p>Biologiczna oczyszczalnia \u015bciek\u00f3w RotoSET przeznaczona jest do oczyszczania \u015bciek\u00f3w bytowych pochodz\u0105cych z gospodarstw domowych bez dost\u0119pu do sieci kanalizacyjnej.Bardzo wysok\u0105 skuteczno\u015b\u0107 oczyszczania przy niespotykanej w innych technologiach wygodzie u\u017cytkowania uzyskano dzi\u0119ki zastosowaniu innowacyjnej technologii obrotowych z\u0142\u00f3\u017c biologicznych. Informacje techniczne RotoSET TYP Ilo\u015b\u0107 mieszka\u0144c\u00f3w Przep\u0142yw D\u0142ugo\u015b\u0107 Szeroko\u015b\u0107 Wysoko\u015b\u0107 Zag\u0142\u0119bienie dop\u0142ywu Zag\u0142\u0119bienie odp\u0142ywu Moc motoreduktora RLM \u33a5\/d<a class=\"moretag\" href=\"https:\/\/asdrain.pl\/index.php\/produkt\/oczyszczalnia-sciekow-rotoset-8h-pozioma-kopia\/\"><span class=\"screen-reader-text\">Wi\u0119cej oOczyszczalnia \u015bciek\u00f3w RotoSet 8H pozioma<\/span>[&#8230;]<\/a><\/p>\n","protected":false},"featured_media":220,"comment_status":"open","ping_status":"closed","template":"","meta":[],"_links":{"self":[{"href":"https:\/\/asdrain.pl\/index.php\/wp-json\/wp\/v2\/product\/223"}],"collection":[{"href":"https:\/\/asdrain.pl\/index.php\/wp-json\/wp\/v2\/product"}],"about":[{"href":"https:\/\/asdrain.pl\/index.php\/wp-json\/wp\/v2\/types\/product"}],"replies":[{"embeddable":true,"href":"https:\/\/asdrain.pl\/index.php\/wp-json\/wp\/v2\/comments?post=223"}],"wp:featuredmedia":[{"embeddable":true,"href":"https:\/\/asdrain.pl\/index.php\/wp-json\/wp\/v2\/media\/220"}],"wp:attachment":[{"href":"https:\/\/asdrain.pl\/index.php\/wp-json\/wp\/v2\/media?parent=223"}],"curies":[{"name":"wp","href":"https:\/\/api.w.org\/{rel}","templated":true}]}}