{"id":200,"date":"2021-02-11T22:39:02","date_gmt":"2021-02-11T21:39:02","guid":{"rendered":"http:\/\/asdrain.pl\/?post_type=product&#038;p=200"},"modified":"2023-05-17T11:20:31","modified_gmt":"2023-05-17T09:20:31","slug":"oczyszczalnia-sciekow-biologiczna-sbr-easy-plast-4-6","status":"publish","type":"product","link":"https:\/\/asdrain.pl\/index.php\/produkt\/oczyszczalnia-sciekow-biologiczna-sbr-easy-plast-4-6\/","title":{"rendered":"Oczyszczalnia \u015bciek\u00f3w biologiczna SBR 4-6"},"content":{"rendered":"<p>Zestaw sk\u0142ada si\u0119 z dwukomorowego polietylenowego zbiornika produkowanego metod\u0105 rotacyjn\u0105, charakteryzuj\u0105cego si\u0119 monolityczn\u0105 budow\u0105 zapewniaj\u0105c\u0105 stuprocentow\u0105 szczelno\u015b\u0107 z 25-letni\u0105 gwarancj\u0105 na materia\u0142. Bogata oferta umo\u017cliwia dob\u00f3r zbiornika o pojemno\u015bci odpowiednio dopasowanej do potrzeb klienta. Zbiornik jest odporny na korozj\u0119, wykonany z ekologicznego i przetwarzalnego polietylenu, a niewielka waga umo\u017cliwia \u0142atwy monta\u017c. Zbiornik dzieli si\u0119 na dwie komory \u2013 w pierwszej komorze nast\u0119puje proces mechanicznego podczyszczania \u015bciek\u00f3w, w komorze SBR przebiega proces oczyszczania biologicznego. Opr\u00f3cz tego w zestawie dostarczany jest reaktor biologiczny i sterownik. Reaktor biologiczny umo\u017cliwia przep\u0142yw wody mi\u0119dzy komorami, dotlenianie wody, napowietrzanie oraz cyrkulacj\u0119. Pompa mamutowa&nbsp;umieszczona w reaktorze zapobiega przedostawaniu si\u0119 osadu czynnego i gwarantuje odprowadzanie tylko oczyszczonej wody.<\/p>\n<p>&nbsp;<\/p>\n<p>W celu zapobiegania awariom w oczyszczalni nie znajduj\u0105 si\u0119 \u017cadne cz\u0119\u015bci ruchome, b\u0105d\u017a elektryczne.<\/p>\n<p>&nbsp;<\/p>\n<p>Zbiorniki polietylenowe w przeciwie\u0144stwie do betonowych s\u0105 odporne na substancje zawarte w \u015bciekach domowych oraz odporne na zarysowania.<\/p>\n","protected":false},"excerpt":{"rendered":"<p>Biologiczne oczyszczalnie \u015bciek\u00f3w firmy Ornplast (Cipax) s\u0105 idealnym rozwi\u0105zaniem dla os\u00f3b nie posiadaj\u0105cych przy\u0142\u0105cza do miejskiej kanalizacji. Mog\u0105 by\u0107 umieszczone w ka\u017cdych warunkach; pracuj\u0105 niezawodnie, proekologicznie oraz wykorzystuj\u0105 najnowsz\u0105 technologi\u0119.<\/p>\n","protected":false},"featured_media":201,"comment_status":"open","ping_status":"closed","template":"","meta":[],"_links":{"self":[{"href":"https:\/\/asdrain.pl\/index.php\/wp-json\/wp\/v2\/product\/200"}],"collection":[{"href":"https:\/\/asdrain.pl\/index.php\/wp-json\/wp\/v2\/product"}],"about":[{"href":"https:\/\/asdrain.pl\/index.php\/wp-json\/wp\/v2\/types\/product"}],"replies":[{"embeddable":true,"href":"https:\/\/asdrain.pl\/index.php\/wp-json\/wp\/v2\/comments?post=200"}],"wp:featuredmedia":[{"embeddable":true,"href":"https:\/\/asdrain.pl\/index.php\/wp-json\/wp\/v2\/media\/201"}],"wp:attachment":[{"href":"https:\/\/asdrain.pl\/index.php\/wp-json\/wp\/v2\/media?parent=200"}],"curies":[{"name":"wp","href":"https:\/\/api.w.org\/{rel}","templated":true}]}}