{"id":183,"date":"2021-02-11T20:17:14","date_gmt":"2021-02-11T19:17:14","guid":{"rendered":"http:\/\/asdrain.pl\/?post_type=product&#038;p=183"},"modified":"2022-02-12T20:47:01","modified_gmt":"2022-02-12T19:47:01","slug":"oczyszczalnia-sciekow-biologiczna-biosolid-8","status":"publish","type":"product","link":"https:\/\/asdrain.pl\/index.php\/produkt\/oczyszczalnia-sciekow-biologiczna-biosolid-8\/","title":{"rendered":"Oczyszczalnia \u015bciek\u00f3w biologiczna BioSolid CLASSIC 8"},"content":{"rendered":"<p>\u015acieki surowe dop\u0142ywaj\u0105 do\u00a0osadnika w\u00a0kt\u00f3rym zostaj\u0105 zatrzymane cz\u0119\u015bci sta\u0142e \u00a0gromadz\u0105ce si\u0119 na\u00a0dnie zbiornika w\u00a0postaci osadu. \u00a0Dalej \u015bcieki \u00a0przelewaj\u0105 si\u0119 przez specjalne zasyfonowanie do\u00a0pierwszego biologicznego reaktora, w\u00a0kt\u00f3rym rozwijaj\u0105 si\u0119 mikroorganizmy oczyszczaj\u0105ce \u015bcieki tzw. osad czynny.<\/p>\n<p>&nbsp;<\/p>\n<div id='gallery-1' class='gallery galleryid-183 gallery-columns-3 gallery-size-thumbnail'><figure class='gallery-item'>\n\t\t\t<div class='gallery-icon landscape'>\n\t\t\t\t<a href='https:\/\/asdrain.pl\/?attachment_id=185'><img loading=\"lazy\" decoding=\"async\" width=\"150\" height=\"150\" src=\"https:\/\/asdrain.pl\/wp-content\/uploads\/2021\/02\/BioSolid8-150x150.png\" class=\"attachment-thumbnail size-thumbnail\" alt=\"\" srcset=\"https:\/\/asdrain.pl\/wp-content\/uploads\/2021\/02\/BioSolid8-150x150.png 150w, https:\/\/asdrain.pl\/wp-content\/uploads\/2021\/02\/BioSolid8-350x350.png 350w, https:\/\/asdrain.pl\/wp-content\/uploads\/2021\/02\/BioSolid8-300x300.png 300w, https:\/\/asdrain.pl\/wp-content\/uploads\/2021\/02\/BioSolid8-100x100.png 100w\" sizes=\"(max-width: 150px) 100vw, 150px\" \/><\/a>\n\t\t\t<\/div><\/figure><figure class='gallery-item'>\n\t\t\t<div class='gallery-icon landscape'>\n\t\t\t\t<a href='https:\/\/asdrain.pl\/?attachment_id=184'><img loading=\"lazy\" decoding=\"async\" width=\"150\" height=\"150\" src=\"https:\/\/asdrain.pl\/wp-content\/uploads\/2021\/02\/BioSolid8a-150x150.png\" class=\"attachment-thumbnail size-thumbnail\" alt=\"\" srcset=\"https:\/\/asdrain.pl\/wp-content\/uploads\/2021\/02\/BioSolid8a-150x150.png 150w, https:\/\/asdrain.pl\/wp-content\/uploads\/2021\/02\/BioSolid8a-350x350.png 350w, https:\/\/asdrain.pl\/wp-content\/uploads\/2021\/02\/BioSolid8a-300x300.png 300w, https:\/\/asdrain.pl\/wp-content\/uploads\/2021\/02\/BioSolid8a-100x100.png 100w\" sizes=\"(max-width: 150px) 100vw, 150px\" \/><\/a>\n\t\t\t<\/div><\/figure>\n\t\t<\/div>\n\n<p>&nbsp;<\/p>\n<p>W pierwszym reaktorze, kt\u00f3ry ca\u0142y czas jest wype\u0142niony (nigdy nie jest opr\u00f3\u017cniany) \u015bcieki s\u0105\u00a0wst\u0119pnie podczyszczane. Pe\u0142ni on\u00a0tak\u017ce funkcje zbiornika retencyjnego, kt\u00f3ry znacz\u0105co podnosi odporno\u015b\u0107 oczyszczalni na\u00a0nier\u00f3wnomierno\u015b\u0107 w\u00a0dop\u0142ywie \u015bciek\u00f3w oraz gwarantuje prawid\u0142owe funkcjonowanie przy zr\u00f3\u017cnicowanym obci\u0105\u017ceniu \u0142adunkiem zanieczyszcze\u0144.\u00a0 Z\u00a0pierwszego reaktora \u015bcieki przelewaj\u0105 si\u0119 grawitacyjnie do\u00a0drugiego, w\u00a0kt\u00f3rym s\u0105\u00a0doczyszczane. Dwa razy dziennie z\u00a0drugiego reaktora jest odpompowywany oczyszczony \u015bciek do\u00a0odbiornika. Drugi reaktor jest wyposa\u017cony w\u00a0unikalny system recyrkulacji nadmiernego osadu czynnego, kt\u00f3ry mo\u017cemy w\u00a0zale\u017cno\u015bci od\u00a0potrzeb zawraca\u0107 do\u00a0osadnika lub pierwszego reaktora.<\/p>\n<p>Konstrukcja oczyszczalni Bio Solid pozwala dodatkowo na\u00a0precyzyjn\u0105 regulacje ilo\u015bci dostarczanego tlenu do\u00a0reaktor\u00f3w biologicznych, umo\u017cliwia to\u00a0korygowanie poszczeg\u00f3lnych parametr\u00f3w procesu oczyszczania \u015bciek\u00f3w.<\/p>\n<p>Oczyszczalnia Bio Solid zosta\u0142a w\u00a0standardzie wyposa\u017cona w\u00a0pomp\u0119 mechaniczna. Dzi\u0119ki temu rozwi\u0105zaniu mamy du\u017c\u0105 swobod\u0119 w\u00a0sposobie odprowadzania i\u00a0zagospodarowania \u015bciek\u00f3w oczyszczonych. Pompa pozwala na\u00a0budow\u0119 odbiornika w\u00a0dowolnej odleg\u0142o\u015bci od\u00a0urz\u0105dzenia.<\/p>\n<p><img loading=\"lazy\" decoding=\"async\" class=\"alignnone wp-image-161 size-full\" src=\"https:\/\/www.bamartech.pl\/wp-content\/uploads\/2016\/12\/schematbs.jpg\" width=\"624\" height=\"506\" \/><\/p>\n<p>Oczyszczone \u015bcieki z\u00a0oczyszczalni Bio Solid mo\u017cna \u00a0odprowadzi\u0107 np. do\u00a0drena\u017cu, studni ch\u0142onnej lub oczka wodnego. Doskona\u0142a jako\u015b\u0107 \u015bciek\u00f3w oczyszczonych pozwala tak\u017ce na\u00a0odprowadzenie do\u00a0\u015bciek\u00f3w wodnych, rzek strumieni, row\u00f3w melioracyjnych.<\/p>\n<p>Innym sposobem zagospodarowania \u015bciek\u00f3w jest budowa systemu podpowierzchniowego nawadniania ro\u015blin. Nawadnianie liniowe w\u00a0po\u0142\u0105czeniu z\u00a0oczyszczalni\u0105 Bio Solid daje podw\u00f3jne korzy\u015bci. Doskonale oczyszczamy \u015bcieki, a\u00a0jednocze\u015bnie podlewamy ro\u015bliny wod\u0105 bogat\u0105 w\u00a0mikroelementy.<\/p>\n<p>Oczyszczalnie Bio Solid charakteryzuje si\u0119 niebywale solidn\u0105 i\u00a0przemy\u015blan\u0105 konstrukcj\u0105. Trwa\u0142a, ci\u0119\u017cka i\u00a0g\u0119sto u\u017cebrowana konstrukcja zbiornika z\u00a0polietylenu gwarantuje du\u017c\u0105 wytrzyma\u0142o\u015b\u0107, dzi\u0119ki czemu producent udziela 15\u00a0letniej gwarancji. Zbiorniki modu\u0142owe o\u00a0konstrukcji pionowej doskonale przenosz\u0105 du\u017ce obci\u0105\u017cenia, pozwala to\u00a0unikn\u0105\u0107 konieczno\u015bci stosowania obsypki betonowej, a\u00a0specjalny kszta\u0142t zbiornika gwarantuje odpowiednie zakotwienie w\u00a0gruncie. Mo\u017cliwo\u015b\u0107 zamontowania oczyszczalni na\u00a0du\u017cej g\u0142\u0119boko\u015bci (do 1,2m pod gruntem) w\u00a0du\u017cej mierze pozwala unikn\u0105\u0107 konieczno\u015bci stosowania drogich przepompowni do\u00a0\u015bciek\u00f3w surowych.<\/p>\n<p>Wszystkie te\u00a0cechy powoduj\u0105, \u017ce\u00a0biologiczna oczyszczalnia \u00a0Bio Solid jest unikalnym produktem na\u00a0rynku polskim, a\u00a0producent gwarantuje prawid\u0142owe funkcjonowanie w\u00a0ka\u017cdych warunkach wodno gruntowych.<\/p>\n<p>&nbsp;<\/p>\n<p align=\"center\"><strong>ISTOTNE I\u00a0CENNE DLA KA\u017bDEGO<\/strong><\/p>\n<ul>\n<li>Gwarancja 15\u00a0lat<\/li>\n<li>Mo\u017cliwo\u015b\u0107 pracy w\u00a0ka\u017cdych warunkach wodno-gruntowych<\/li>\n<li>Praca w\u00a0pe\u0142ni automatyczna \u2013\u00a0niskie zu\u017cycie energii, minimalne koszty eksploatacji<\/li>\n<li>Japo\u0144ska dmuchawa energooszcz\u0119dna<\/li>\n<li>Wyw\u00f3z osad\u00f3w tylko raz w\u00a0roku<\/li>\n<li>Reaktory biologiczne \u0142\u0105czone szeregowo gwarantuj\u0105ce stabilno\u015b\u0107 procesu oczyszczania<\/li>\n<li>Jako\u015b\u0107 \u015bciek\u00f3w zgodna z\u00a0najnowsz\u0105 norm\u0105 PN-EN 12566-3:2005+A2:2013<\/li>\n<li>Mo\u017cliwo\u015b\u0107 wykorzystania odzyskanej wody do\u00a0nawadniania ro\u015blin<\/li>\n<li>Ma\u0142e zapotrzebowanie na\u00a0powierzchni\u0119, ok. 2m2\/osob\u0119<\/li>\n<li>Mo\u017cliwo\u015b\u0107 g\u0142\u0119bokiego posadowienia pod gruntem (\u00a0do 1,2 m)<\/li>\n<li>Indywidualne podej\u015bcie &#8211;\u00a0 produkcja, projektowanie, monta\u017c i\u00a0serwis<\/li>\n<\/ul>\n","protected":false},"excerpt":{"rendered":"<p>Oczyszczalnia<strong>\u00a0Bio Solid<\/strong>\u00a0dzia\u0142a w\u00a0systemie SBR w\u00a0dw\u00f3ch cyklach 12\u00a0godzinnych, co\u00a0oznacza \u017ce\u00a0wszystkie cykle nast\u0119puj\u0105 po\u00a0sobie w\u00a0\u015bci\u015ble okre\u015blonym przez\u00a0\u00a0 producenta\u00a0 czasie. Nad prawid\u0142ow\u0105 prac\u0105 urz\u0105dzenia czuwa nowoczesny i\u00a0niezawodny sterownik.<\/p>\n","protected":false},"featured_media":185,"comment_status":"open","ping_status":"closed","template":"","meta":[],"_links":{"self":[{"href":"https:\/\/asdrain.pl\/index.php\/wp-json\/wp\/v2\/product\/183"}],"collection":[{"href":"https:\/\/asdrain.pl\/index.php\/wp-json\/wp\/v2\/product"}],"about":[{"href":"https:\/\/asdrain.pl\/index.php\/wp-json\/wp\/v2\/types\/product"}],"replies":[{"embeddable":true,"href":"https:\/\/asdrain.pl\/index.php\/wp-json\/wp\/v2\/comments?post=183"}],"wp:featuredmedia":[{"embeddable":true,"href":"https:\/\/asdrain.pl\/index.php\/wp-json\/wp\/v2\/media\/185"}],"wp:attachment":[{"href":"https:\/\/asdrain.pl\/index.php\/wp-json\/wp\/v2\/media?parent=183"}],"curies":[{"name":"wp","href":"https:\/\/api.w.org\/{rel}","templated":true}]}}