{"id":144,"date":"2017-02-05T15:50:25","date_gmt":"2017-02-05T14:50:25","guid":{"rendered":"http:\/\/asdrain.pl\/index.php\/produkt\/oczyszczalnia-sciekow-sotralentz-2000-l\/"},"modified":"2023-05-02T07:59:25","modified_gmt":"2023-05-02T05:59:25","slug":"oczyszczalnia-sciekow-sotralentz-2000-l","status":"publish","type":"product","link":"https:\/\/asdrain.pl\/index.php\/produkt\/oczyszczalnia-sciekow-sotralentz-2000-l\/","title":{"rendered":"Oczyszczalnia \u015bciek\u00f3w Sotralentz 2000 l dla 1-4 os\u00f3b"},"content":{"rendered":"<table border=\"0\" cellspacing=\"0\" cellpadding=\"0\">\n<tbody>\n<tr>\n<td height=\"22\">ELEMENTY SK\u0141ADOWE ZESTAWU<\/td>\n<td>EB 2000 \u2013 zest.<\/td>\n<td>EB 2500 \u2013 zest.<\/td>\n<td valign=\"top\">EB 3000 &#8211; zest.<\/td>\n<\/tr>\n<tr>\n<td height=\"22\">Osadnik wst\u0119pny EPURBLOC<\/td>\n<td>2000L &#8211; 1 szt.<\/td>\n<td>2500L &#8211; 1 szt.<\/td>\n<td valign=\"top\">3000L &#8211; 1szt.<\/td>\n<\/tr>\n<tr>\n<td height=\"22\">Nadbudowa zbiornika REHC<\/td>\n<td>2 szt.<\/td>\n<td>2 szt. *\u00b9<\/td>\n<td valign=\"top\">2 szt. *\u00b9<\/td>\n<\/tr>\n<tr>\n<td height=\"22\">Studzienka rozdzielcza SL-RR450<\/td>\n<td>1 szt.<\/td>\n<td>1 szt.<\/td>\n<td valign=\"top\">1 szt.<\/td>\n<\/tr>\n<tr>\n<td height=\"22\">Drena\u017c rozs\u0105czaj\u0105cy<\/td>\n<td>32 mb *\u00b2<\/td>\n<td>48 mb *\u00b2<\/td>\n<td valign=\"top\">48 mb *\u00b2<\/td>\n<\/tr>\n<tr>\n<td height=\"22\">Geow\u0142\u00f3knina<\/td>\n<td>50 mb<\/td>\n<td>50 mb<\/td>\n<td valign=\"top\">50 mb<\/td>\n<\/tr>\n<tr>\n<td height=\"22\">Rura pe\u0142na 1m<\/td>\n<td>8 szt.<\/td>\n<td>9 szt.<\/td>\n<td valign=\"top\">9 szt.<\/td>\n<\/tr>\n<tr>\n<td height=\"22\">Wywietrzak<\/td>\n<td>2 szt.<\/td>\n<td>3 szt.<\/td>\n<td valign=\"top\">3 szt.<\/td>\n<\/tr>\n<tr>\n<td height=\"22\">Kolano kanalizacyjne 90\u00b0<\/td>\n<td>4 szt.<\/td>\n<td>5 szt.<\/td>\n<td valign=\"top\">5 szt.<\/td>\n<\/tr>\n<\/tbody>\n<\/table>\n","protected":false},"excerpt":{"rendered":"<p>Oczyszczalnia \u015bciek\u00f3w firmy Sotralentz 2000<\/p>\n<p>W ofercie posiadamy r\u00f3\u017cne wielko\u015bci oczyszczalni. Sk\u0142ad zestawu okre\u015bla wielko\u015b\u0107 zbiornika (przepustowo\u015b\u0107 na dob\u0119).<\/p>\n","protected":false},"featured_media":142,"comment_status":"open","ping_status":"closed","template":"","meta":[],"_links":{"self":[{"href":"https:\/\/asdrain.pl\/index.php\/wp-json\/wp\/v2\/product\/144"}],"collection":[{"href":"https:\/\/asdrain.pl\/index.php\/wp-json\/wp\/v2\/product"}],"about":[{"href":"https:\/\/asdrain.pl\/index.php\/wp-json\/wp\/v2\/types\/product"}],"replies":[{"embeddable":true,"href":"https:\/\/asdrain.pl\/index.php\/wp-json\/wp\/v2\/comments?post=144"}],"wp:featuredmedia":[{"embeddable":true,"href":"https:\/\/asdrain.pl\/index.php\/wp-json\/wp\/v2\/media\/142"}],"wp:attachment":[{"href":"https:\/\/asdrain.pl\/index.php\/wp-json\/wp\/v2\/media?parent=144"}],"curies":[{"name":"wp","href":"https:\/\/api.w.org\/{rel}","templated":true}]}}