{"id":9,"date":"2017-02-04T14:46:44","date_gmt":"2017-02-04T13:46:44","guid":{"rendered":"http:\/\/asdrain.pl\/?page_id=9"},"modified":"2024-01-31T21:13:04","modified_gmt":"2024-01-31T20:13:04","slug":"kontakt","status":"publish","type":"page","link":"https:\/\/asdrain.pl\/index.php\/kontakt\/","title":{"rendered":"Kontakt"},"content":{"rendered":"\n\t\t<div id=\"intergeo_mapITN\" class=\"intergeo_map_canvas\" style=\"width:100%;height:300px;width:100%;height:300px;\"><\/div>\n\t\t<script type=\"text\/javascript\">\n\t\t\t\/* <![CDATA[ *\/\n\t\t\tif (!window.intergeo_maps) window.intergeo_maps = [];\n\t\t\twindow.intergeo_maps.push( { container: 'intergeo_mapITN', options: {\"lat\":54.377374805245,\"lng\":18.619761310403,\"zoom\":17,\"overlays\":{\"marker\":[{\"position\":[\"54.377375\",\"18.619761\"],\"icon\":false,\"info\":\"<br>\",\"title\":\"ASDRAIN\",\"loc\":\"\"}]}} } );\n\t\t\tif (!window.intergeo_maps_current) window.intergeo_maps_current = null;\n\t\t\t\/* ]]> *\/\n\t\t<\/script>\n\t\t\n<p>&nbsp;<\/p>\n<p>&nbsp;<\/p>\n<p><img loading=\"lazy\" decoding=\"async\" class=\"alignnone size-medium wp-image-40\" src=\"http:\/\/asdrain.pl\/wp-content\/uploads\/2017\/02\/logo-poziom-300x62.jpg\" alt=\"\" width=\"300\" height=\"62\" srcset=\"https:\/\/asdrain.pl\/wp-content\/uploads\/2017\/02\/logo-poziom-300x62.jpg 300w, https:\/\/asdrain.pl\/wp-content\/uploads\/2017\/02\/logo-poziom-768x158.jpg 768w, https:\/\/asdrain.pl\/wp-content\/uploads\/2017\/02\/logo-poziom-1024x210.jpg 1024w, https:\/\/asdrain.pl\/wp-content\/uploads\/2017\/02\/logo-poziom.jpg 1803w\" sizes=\"(max-width: 300px) 100vw, 300px\" \/><\/p>\n<p>ASDRAIN GDA\u0143SK<\/p>\n<p>ul. Stanis\u0142awa Wyspia\u0144skiego 5<\/p>\n<p>80-434 Gda\u0144sk<\/p>\n<p>Tel. 513 126 152<\/p>\n<p>e-mail: <a href=\"mailto:biuro@asdrain.pl\">biuro@asdrain.pl<\/a><\/p>\n<p><a href=\"http:\/\/www.asdrain.pl\">www.asdrain.pl<\/a><\/p>\n<p>&nbsp;<\/p>\n<p>Oddzia\u0142 Bydgoszcz<\/p>\n<p>Alfa-Tech Bydgoszcz<\/p>\n<p>ul. Wa\u0144kowicza 4\/7<\/p>\n<p>85-796 Bydgoszcz<\/p>\n<p>e-mail:\u00a0<a href=\"mailto:biuro@alfa-tech.info.pl\">biuro@alfa-tech.info.pl<\/a><\/p>\n<p><a href=\"http:\/\/www.alfa-tech.info.pl\">www.alfa-tech.info.pl<\/a><\/p>\n<p>&nbsp;<\/p>\n<h1><strong>Przydomowe biologiczne oczyszczalnie \u015bciek\u00f3w Gda\u0144sk , Tr\u00f3jmiasto<\/strong><\/h1>\n","protected":false},"excerpt":{"rendered":"<p>&nbsp; &nbsp; ASDRAIN GDA\u0143SK ul. Stanis\u0142awa Wyspia\u0144skiego 5 80-434 Gda\u0144sk Tel. 513 126 152 e-mail: biuro@asdrain.pl www.asdrain.pl &nbsp; Oddzia\u0142 Bydgoszcz Alfa-Tech Bydgoszcz ul. Wa\u0144kowicza 4\/7 85-796 Bydgoszcz e-mail:\u00a0biuro@alfa-tech.info.pl www.alfa-tech.info.pl &nbsp; Przydomowe biologiczne oczyszczalnie \u015bciek\u00f3w Gda\u0144sk , Tr\u00f3jmiasto<\/p>\n","protected":false},"author":1,"featured_media":0,"parent":0,"menu_order":0,"comment_status":"closed","ping_status":"closed","template":"","meta":{"footnotes":""},"_links":{"self":[{"href":"https:\/\/asdrain.pl\/index.php\/wp-json\/wp\/v2\/pages\/9"}],"collection":[{"href":"https:\/\/asdrain.pl\/index.php\/wp-json\/wp\/v2\/pages"}],"about":[{"href":"https:\/\/asdrain.pl\/index.php\/wp-json\/wp\/v2\/types\/page"}],"author":[{"embeddable":true,"href":"https:\/\/asdrain.pl\/index.php\/wp-json\/wp\/v2\/users\/1"}],"replies":[{"embeddable":true,"href":"https:\/\/asdrain.pl\/index.php\/wp-json\/wp\/v2\/comments?post=9"}],"version-history":[{"count":11,"href":"https:\/\/asdrain.pl\/index.php\/wp-json\/wp\/v2\/pages\/9\/revisions"}],"predecessor-version":[{"id":240,"href":"https:\/\/asdrain.pl\/index.php\/wp-json\/wp\/v2\/pages\/9\/revisions\/240"}],"wp:attachment":[{"href":"https:\/\/asdrain.pl\/index.php\/wp-json\/wp\/v2\/media?parent=9"}],"curies":[{"name":"wp","href":"https:\/\/api.w.org\/{rel}","templated":true}]}}