{"id":8,"date":"2017-02-04T14:46:44","date_gmt":"2017-02-04T13:46:44","guid":{"rendered":"http:\/\/asdrain.pl\/?page_id=8"},"modified":"2017-02-24T18:15:46","modified_gmt":"2017-02-24T17:15:46","slug":"oczyszczalnie","status":"publish","type":"page","link":"https:\/\/asdrain.pl\/index.php\/oczyszczalnie\/","title":{"rendered":"Oczyszczalnie"},"content":{"rendered":"<p>W naszej ofercie posiadamy wszystkie mo\u017cliwe typy oczyszczalni na ka\u017cde warunki gruntowe.<\/p>\n<h2><strong>1.Oczyszczalnie \u015bciek\u00f3w drena\u017cowe: klasyczne, tunelowe i pakietowe<\/strong><\/h2>\n<p><img loading=\"lazy\" decoding=\"async\" class=\"alignnone wp-image-61\" src=\"http:\/\/asdrain.pl\/wp-content\/uploads\/2017\/02\/oczyszczalnia-drena\u017cowa-schemat-Gda\u0144sk-300x288.png\" alt=\"\" width=\"900\" height=\"864\" srcset=\"https:\/\/asdrain.pl\/wp-content\/uploads\/2017\/02\/oczyszczalnia-drena\u017cowa-schemat-Gda\u0144sk-300x288.png 300w, https:\/\/asdrain.pl\/wp-content\/uploads\/2017\/02\/oczyszczalnia-drena\u017cowa-schemat-Gda\u0144sk-768x737.png 768w, https:\/\/asdrain.pl\/wp-content\/uploads\/2017\/02\/oczyszczalnia-drena\u017cowa-schemat-Gda\u0144sk.png 800w\" sizes=\"(max-width: 900px) 100vw, 900px\" \/><\/p>\n<p><span style=\"margin: 0px; color: #5e5d5d; font-family: 'Tahoma','sans-serif'; font-size: 12pt;\">Zasada dzia\u0142ania przydomowej oczyszczalni \u015bciek\u00f3w z drena\u017cem rozs\u0105czaj\u0105cym opiera si\u0119 na dwuetapowym oczyszczaniu \u015bciek\u00f3w:<\/span><\/p>\n<ul type=\"disc\">\n<li style=\"margin: 0px 0px 13px; color: #5e5d5d; line-height: normal; font-family: 'Tahoma','sans-serif'; font-size: 12pt; font-style: normal; font-weight: normal;\"><span style=\"margin: 0px; font-family: 'Tahoma','sans-serif'; font-size: 12pt;\">Etap I &#8211; podczyszczanie w warunkach beztlenowych &#8211; realizowany jest w osadniku gnilnym i polega na wst\u0119pnym podczyszczeniu \u015bciek\u00f3w przy udziale bakterii beztlenowych.<\/span><\/li>\n<li style=\"margin: 0px 0px 13px; color: #5e5d5d; line-height: normal; font-family: 'Tahoma','sans-serif'; font-size: 12pt; font-style: normal; font-weight: normal;\"><span style=\"margin: 0px; font-family: 'Tahoma','sans-serif'; font-size: 12pt;\">Etap II &#8211; doczyszczanie tlenowe &#8211; to doczyszczanie w warunkach tlenowych, realizowane poprzez system z\u0142o\u017ca rozs\u0105czaj\u0105cego.<\/span><\/li>\n<\/ul>\n<p><span style=\"margin: 0px; color: #5e5d5d; font-family: 'Tahoma','sans-serif'; font-size: 12pt;\">Elementem niezb\u0119dnym do prawid\u0142owego funkcjonowania ka\u017cdego systemu z drena\u017cem rozs\u0105czaj\u0105cym jest zastosowanie kruszywa. W celu uzyskania wysokiej skuteczno\u015bci doczyszczania zaleca si\u0119 stosowanie kruszywa o frakcji 16-32mm. Osadniki gnilne oferowane w oczyszczalniach drena\u017cowych, wykonane s\u0105 z polietylenu lub GRP . Charakteryzuj\u0105 si\u0119 monolityczn\u0105 budow\u0105 bez szw\u00f3w, \u0142\u0105cze\u0144 i spaw\u00f3w. Osadniki odporne s\u0105 na dzia\u0142anie substancji agresywnych oraz niskie temperatury.<\/span><\/p>\n<p><b><span style=\"margin: 0px; color: #5e5d5d; font-family: 'Tahoma','sans-serif'; font-size: 12pt;\">Eksploatacja oczyszczalni:<\/span><\/b><\/p>\n<ul type=\"disc\">\n<li style=\"margin: 0px 0px 13px; color: #5e5d5d; line-height: normal; font-family: 'Tahoma','sans-serif'; font-size: 12pt; font-style: normal; font-weight: normal;\"><span style=\"margin: 0px; font-family: 'Tahoma','sans-serif'; font-size: 12pt;\">wyjmowanie kosza filtracyjnego raz na 6 miesi\u0119cy i przep\u0142ukiwanie materia\u0142u filtracyjnego wod\u0105<\/span><\/li>\n<li style=\"margin: 0px 0px 13px; color: #5e5d5d; line-height: normal; font-family: 'Tahoma','sans-serif'; font-size: 12pt; font-style: normal; font-weight: normal;\"><span style=\"margin: 0px; font-family: 'Tahoma','sans-serif'; font-size: 12pt;\">wybieranie osadu z osadnika raz na 1,5 -2 lata<\/span><\/li>\n<li style=\"margin: 0px 0px 13px; color: #5e5d5d; line-height: normal; font-family: 'Tahoma','sans-serif'; font-size: 12pt; font-style: normal; font-weight: normal;\"><span style=\"margin: 0px; font-family: 'Tahoma','sans-serif'; font-size: 12pt;\">zaleca si\u0119 stosowanie biopreparat\u00f3w<\/span><\/li>\n<\/ul>\n<p>&nbsp;<\/p>\n<p><img loading=\"lazy\" decoding=\"async\" class=\"alignnone size-large wp-image-127\" src=\"http:\/\/asdrain.pl\/wp-content\/uploads\/2017\/02\/WP_20160921_11_30_47_Pro-1024x576.jpg\" alt=\"\" width=\"730\" height=\"411\" \/><\/p>\n<h2><\/h2>\n<h2>2. Oczyszczalnie biologiczno-mechaniczne: osad czynny, przep\u0142ywowe, hybrydowe i SBR<\/h2>\n<p>&nbsp;<\/p>\n<p>&nbsp;<\/p>\n<p><img loading=\"lazy\" decoding=\"async\" class=\"alignnone wp-image-63\" src=\"http:\/\/asdrain.pl\/wp-content\/uploads\/2017\/02\/Przek.-I-294x300.jpg\" alt=\"\" width=\"441\" height=\"450\" srcset=\"https:\/\/asdrain.pl\/wp-content\/uploads\/2017\/02\/Przek.-I-294x300.jpg 294w, https:\/\/asdrain.pl\/wp-content\/uploads\/2017\/02\/Przek.-I.jpg 588w\" sizes=\"(max-width: 441px) 100vw, 441px\" \/>\u00a0<img loading=\"lazy\" decoding=\"async\" class=\"alignnone wp-image-64\" src=\"http:\/\/asdrain.pl\/wp-content\/uploads\/2017\/02\/Przek.-II-300x274.jpg\" alt=\"\" width=\"450\" height=\"411\" srcset=\"https:\/\/asdrain.pl\/wp-content\/uploads\/2017\/02\/Przek.-II-300x274.jpg 300w, https:\/\/asdrain.pl\/wp-content\/uploads\/2017\/02\/Przek.-II.jpg 657w\" sizes=\"(max-width: 450px) 100vw, 450px\" \/><\/p>\n<p>Zasada dzia\u0142ania oczyszczalni biologicznej ze z\u0142o\u017cem fluidalnym<\/p>\n<div style=\"width: 730px;\" class=\"wp-video\"><!--[if lt IE 9]><script>document.createElement('video');<\/script><![endif]-->\n<video class=\"wp-video-shortcode\" id=\"video-8-1\" width=\"730\" height=\"548\" loop=\"1\" autoplay=\"1\" preload=\"auto\" controls=\"controls\"><source type=\"video\/mp4\" src=\"http:\/\/asdrain.pl\/wp-content\/uploads\/2017\/02\/www.alfa-tech.info-przydomowa-oczyszczalnia-\u015bciek\u00f3w-Biopura-animacja-pracy.mp4?_=1\" \/><a href=\"http:\/\/asdrain.pl\/wp-content\/uploads\/2017\/02\/www.alfa-tech.info-przydomowa-oczyszczalnia-\u015bciek\u00f3w-Biopura-animacja-pracy.mp4\">http:\/\/asdrain.pl\/wp-content\/uploads\/2017\/02\/www.alfa-tech.info-przydomowa-oczyszczalnia-\u015bciek\u00f3w-Biopura-animacja-pracy.mp4<\/a><\/video><\/div>\n<p>&nbsp;<\/p>\n<p>&nbsp;<\/p>\n<p><span style=\"margin: 0px; color: #333333; line-height: 115%; font-family: 'Tahoma','sans-serif'; font-size: 12pt;\">Biologiczne oczyszczanie \u015bciek\u00f3w rozpoczyna si\u0119 od osadnika wst\u0119pnego, gdzie gruboziarniste elementy sta\u0142e osadzaj\u0105 si\u0119 na dnie zbiornika, zatrzymane zostaj\u0105 t\u0142uszcze, a proces wspomagaj\u0105 bakterie beztlenowe denitryfikacyjne. Pozbawiony wi\u0119kszo\u015bci frakcji grubej \u015bciek przep\u0142ywa do I cz\u0119\u015bci tlenowej, gdzie nast\u0119puje jego napowietrzanie oraz w naturalny spos\u00f3b wytworzenie osadu czynnego. Osad czynny jest kumulowany na znajduj\u0105cym si\u0119 w oczyszczalni z\u0142o\u017cu z tworzywa tworz\u0105c stabiln\u0105 biomas\u0119. Biomasa w naturalny\u00a0 spos\u00f3b oczyszcza \u015bciek z substancji organicznych oraz chemicznych. Dalej, podczyszczony \u015bciek przep\u0142ywa do II cz\u0119\u015bci tlenowej, gdzie w analogiczny spos\u00f3b nast\u0119puje jego doczyszczenie. Ko\u0144cowym elementem oczyszczania biologicznego\u00a0jest osadnik wt\u00f3rny, kt\u00f3ry zatrzymuje obumar\u0142\u0105 biomas\u0119. W celu dodatkowego wzmocnienia procesu biomasa cyklicznie recyrkulowana jest z osadnika wt\u00f3rnego do osadnika wst\u0119pnego. Oczyszczone biologicznie\u00a0\u015bcieki s\u0105 odprowadzane poza oczyszczalni\u0119 poprzez odpowiednio zaprojektowany kr\u00f3ciec odp\u0142ywowy. <\/span><\/p>\n<p>&nbsp;<\/p>\n<p><img loading=\"lazy\" decoding=\"async\" class=\"alignnone size-large wp-image-82\" src=\"http:\/\/asdrain.pl\/wp-content\/uploads\/2017\/02\/2014-11-07-852-1024x768.jpg\" alt=\"\" width=\"730\" height=\"548\" \/><\/p>\n<p>Oczyszczalnia \u015bciek\u00f3w Biopura\/Bioficient<\/p>\n<div style=\"width: 730px;\" class=\"wp-video\"><video class=\"wp-video-shortcode\" id=\"video-8-2\" width=\"730\" height=\"411\" loop=\"1\" preload=\"metadata\" controls=\"controls\"><source type=\"video\/mp4\" src=\"http:\/\/asdrain.pl\/wp-content\/uploads\/2017\/02\/2014-07-03-486.mp4?_=2\" \/><a href=\"http:\/\/asdrain.pl\/wp-content\/uploads\/2017\/02\/2014-07-03-486.mp4\">http:\/\/asdrain.pl\/wp-content\/uploads\/2017\/02\/2014-07-03-486.mp4<\/a><\/video><\/div>\n","protected":false},"excerpt":{"rendered":"<p>W naszej ofercie posiadamy wszystkie mo\u017cliwe typy oczyszczalni na ka\u017cde warunki gruntowe. 1.Oczyszczalnie \u015bciek\u00f3w drena\u017cowe: klasyczne, tunelowe i pakietowe Zasada dzia\u0142ania przydomowej oczyszczalni \u015bciek\u00f3w z drena\u017cem rozs\u0105czaj\u0105cym opiera si\u0119 na dwuetapowym oczyszczaniu \u015bciek\u00f3w: Etap I &#8211; podczyszczanie w warunkach beztlenowych &#8211; realizowany jest w osadniku gnilnym i polega na wst\u0119pnym podczyszczeniu \u015bciek\u00f3w przy udziale bakterii<a class=\"moretag\" href=\"https:\/\/asdrain.pl\/index.php\/oczyszczalnie\/\"><span class=\"screen-reader-text\">Wi\u0119cej oOczyszczalnie<\/span>[&#8230;]<\/a><\/p>\n","protected":false},"author":1,"featured_media":0,"parent":0,"menu_order":0,"comment_status":"closed","ping_status":"closed","template":"","meta":{"footnotes":""},"_links":{"self":[{"href":"https:\/\/asdrain.pl\/index.php\/wp-json\/wp\/v2\/pages\/8"}],"collection":[{"href":"https:\/\/asdrain.pl\/index.php\/wp-json\/wp\/v2\/pages"}],"about":[{"href":"https:\/\/asdrain.pl\/index.php\/wp-json\/wp\/v2\/types\/page"}],"author":[{"embeddable":true,"href":"https:\/\/asdrain.pl\/index.php\/wp-json\/wp\/v2\/users\/1"}],"replies":[{"embeddable":true,"href":"https:\/\/asdrain.pl\/index.php\/wp-json\/wp\/v2\/comments?post=8"}],"version-history":[{"count":12,"href":"https:\/\/asdrain.pl\/index.php\/wp-json\/wp\/v2\/pages\/8\/revisions"}],"predecessor-version":[{"id":140,"href":"https:\/\/asdrain.pl\/index.php\/wp-json\/wp\/v2\/pages\/8\/revisions\/140"}],"wp:attachment":[{"href":"https:\/\/asdrain.pl\/index.php\/wp-json\/wp\/v2\/media?parent=8"}],"curies":[{"name":"wp","href":"https:\/\/api.w.org\/{rel}","templated":true}]}}