{"id":7,"date":"2017-02-04T14:46:44","date_gmt":"2017-02-04T13:46:44","guid":{"rendered":"http:\/\/asdrain.pl\/?page_id=7"},"modified":"2024-01-31T21:11:19","modified_gmt":"2024-01-31T20:11:19","slug":"strona-glowna","status":"publish","type":"page","link":"https:\/\/asdrain.pl\/","title":{"rendered":"G\u0142\u00f3wna"},"content":{"rendered":"<p><img loading=\"lazy\" decoding=\"async\" class=\"alignnone wp-image-56\" src=\"http:\/\/asdrain.pl\/wp-content\/uploads\/2017\/02\/oczyszczalnie-Gda\u0144sk-300x127.jpg\" alt=\"\" width=\"1396\" height=\"591\" srcset=\"https:\/\/asdrain.pl\/wp-content\/uploads\/2017\/02\/oczyszczalnie-Gda\u0144sk-300x127.jpg 300w, https:\/\/asdrain.pl\/wp-content\/uploads\/2017\/02\/oczyszczalnie-Gda\u0144sk-768x326.jpg 768w, https:\/\/asdrain.pl\/wp-content\/uploads\/2017\/02\/oczyszczalnie-Gda\u0144sk-1024x435.jpg 1024w\" sizes=\"(max-width: 1396px) 100vw, 1396px\" \/><\/p>\n<h2>ASDRAIN GDA\u0143SK. Przydomowe oczyszczalnie \u015bciek\u00f3w.<\/h2>\n<p>Ju\u017c od ponad 15 lat\u00a0zajmujemy si\u0119 projektowaniem,\u00a0doborem, serwisem\u00a0i \u00a0kompleksowym monta\u017cem nowoczesnych \u00a0przydomowych oczyszczalni \u015bciek\u00f3w.\u00a0\u00a0Oferujemy oczyszczalnie wszystkie mo\u017cliwe typy na ka\u017cde warunki gruntowe. Przy du\u017cych i\u00a0zaawansowanych projektach wsp\u00f3\u0142pracujemy z \u00a0wiod\u0105cymi \u00a0firmami z bran\u017cy. Oferowane \u00a0przez nas oczyszczalnie s\u0105 sprawdzonymi i trwa\u0142ymi urz\u0105dzeniami renomowanych \u00a0krajowych i europejskich producent\u00f3w.<\/p>\n<p>Dzi\u0119ki zaanga\u017cowaniu i do\u015bwiadczeniu jeste\u015bmy w stanie wykona\u0107 prawie ka\u017cde zam\u00f3wienie i podo\u0142a\u0107 ka\u017cdemu wyzwaniu. Zwracamy szczeg\u00f3ln\u0105 uwag\u0119 na jako\u015b\u0107 wykonywanych prac \u00a0i oferowanych przez nas produkt\u00f3w.<\/p>\n<p>W naszej ofercie znajdziecie Pa\u0144stwo pe\u0142n\u0105 gam\u0119 oczyszczalni:<\/p>\n<p>&#8211; drena\u017cowe zwyk\u0142e, tunelowe, pakietowe<br \/>\n&#8211; biologiczno-mechaniczne- przep\u0142ywowe, SBR, z\u0142o\u017ca fluidalne, z\u0142o\u017ca obrotowe, hybrydowe<\/p>\n<p>dodatkowo przepompownie \u015bciek\u00f3w, separatory t\u0142uszczu, skrobi i w\u0119glowodor\u00f3w.<\/p>\n<p>Dzi\u0119ki wysokiej jako\u015bci naszych us\u0142ug gwarantujemy prawid\u0142owe funkcjonowanie wszystkich zamontowanych urz\u0105dze\u0144.<\/p>\n<p>Jeste\u015bmy do Pa\u0144stwa dyspozycji!<\/p>\n<p>Zesp\u00f3\u0142 Asdrain<\/p>\n<p>&nbsp;<\/p>\n<p>&nbsp;<\/p>\n<h2>Biologiczne oczyszczalnie \u015bciek\u00f3w Gda\u0144sk, Gdynia, Sopot<\/h2>\n<h2>Biologiczne oczyszczalnie \u015bciek\u00f3w\u00a0Wejherowo<\/h2>\n<h3>Biologiczne oczyszczalnie \u015bciek\u00f3w Kartuzy<\/h3>\n","protected":false},"excerpt":{"rendered":"<p>ASDRAIN GDA\u0143SK. Przydomowe oczyszczalnie \u015bciek\u00f3w. Ju\u017c od ponad 15 lat\u00a0zajmujemy si\u0119 projektowaniem,\u00a0doborem, serwisem\u00a0i \u00a0kompleksowym monta\u017cem nowoczesnych \u00a0przydomowych oczyszczalni \u015bciek\u00f3w.\u00a0\u00a0Oferujemy oczyszczalnie wszystkie mo\u017cliwe typy na ka\u017cde warunki gruntowe. Przy du\u017cych i\u00a0zaawansowanych projektach wsp\u00f3\u0142pracujemy z \u00a0wiod\u0105cymi \u00a0firmami z bran\u017cy. Oferowane \u00a0przez nas oczyszczalnie s\u0105 sprawdzonymi i trwa\u0142ymi urz\u0105dzeniami renomowanych \u00a0krajowych i europejskich producent\u00f3w. Dzi\u0119ki zaanga\u017cowaniu i do\u015bwiadczeniu<a class=\"moretag\" href=\"https:\/\/asdrain.pl\/\"><span class=\"screen-reader-text\">Wi\u0119cej oG\u0142\u00f3wna<\/span>[&#8230;]<\/a><\/p>\n","protected":false},"author":1,"featured_media":0,"parent":0,"menu_order":0,"comment_status":"closed","ping_status":"closed","template":"","meta":{"footnotes":""},"_links":{"self":[{"href":"https:\/\/asdrain.pl\/index.php\/wp-json\/wp\/v2\/pages\/7"}],"collection":[{"href":"https:\/\/asdrain.pl\/index.php\/wp-json\/wp\/v2\/pages"}],"about":[{"href":"https:\/\/asdrain.pl\/index.php\/wp-json\/wp\/v2\/types\/page"}],"author":[{"embeddable":true,"href":"https:\/\/asdrain.pl\/index.php\/wp-json\/wp\/v2\/users\/1"}],"replies":[{"embeddable":true,"href":"https:\/\/asdrain.pl\/index.php\/wp-json\/wp\/v2\/comments?post=7"}],"version-history":[{"count":13,"href":"https:\/\/asdrain.pl\/index.php\/wp-json\/wp\/v2\/pages\/7\/revisions"}],"predecessor-version":[{"id":239,"href":"https:\/\/asdrain.pl\/index.php\/wp-json\/wp\/v2\/pages\/7\/revisions\/239"}],"wp:attachment":[{"href":"https:\/\/asdrain.pl\/index.php\/wp-json\/wp\/v2\/media?parent=7"}],"curies":[{"name":"wp","href":"https:\/\/api.w.org\/{rel}","templated":true}]}}